{"id":958,"date":"2024-11-20T07:32:16","date_gmt":"2024-11-20T07:32:16","guid":{"rendered":"http:\/\/liderlimp.com\/nota-legal\/"},"modified":"2024-11-20T08:04:33","modified_gmt":"2024-11-20T08:04:33","slug":"nota-legal","status":"publish","type":"page","link":"https:\/\/liderlimp.com\/ca\/nota-legal\/","title":{"rendered":"Nota legal"},"content":{"rendered":"<p>[et_pb_section fb_built=&#8221;1&#8243; admin_label=&#8221;section&#8221; _builder_version=&#8221;3.22&#8243; global_colors_info=&#8221;{}&#8221;][et_pb_row admin_label=&#8221;row&#8221; _builder_version=&#8221;4.4.6&#8243; background_size=&#8221;initial&#8221; background_position=&#8221;top_left&#8221; background_repeat=&#8221;repeat&#8221; width=&#8221;60%&#8221; width_tablet=&#8221;80%&#8221; width_phone=&#8221;90%&#8221; width_last_edited=&#8221;on|phone&#8221; global_colors_info=&#8221;{}&#8221;][et_pb_column type=&#8221;4_4&#8243; _builder_version=&#8221;3.25&#8243; custom_padding=&#8221;|||&#8221; global_colors_info=&#8221;{}&#8221; custom_padding__hover=&#8221;|||&#8221;][et_pb_text admin_label=&#8221;Text&#8221; _builder_version=&#8221;4.9.4&#8243; header_line_height=&#8221;1.8em&#8221; header_2_line_height=&#8221;40px&#8221; background_size=&#8221;initial&#8221; background_position=&#8221;top_left&#8221; background_repeat=&#8221;repeat&#8221; global_colors_info=&#8221;{}&#8221;]<\/p>\n<h1>Nota Legal<\/h1>\n<p><em>Informaci\u00f3 relativa al cumplimient del art\u00edcle 10 de la LSSICE<\/em><\/p>\n<h2>Dades fiscals<\/h2>\n<ul>\n<li>Titular: LIMPIEZAS LIDERLIMP SRLU<\/li>\n<li>NIF: B63130371 <\/li>\n<li>Direcci\u00f3n: C\/ Rossell\u00f3, 51 entlo 1\u00aa Barcelona (Spain)<\/li>\n<li>Tel\u00e9fono: 93 322 01 04<\/li>\n<\/ul>\n<h2>Protecci\u00f3 de dades personals<\/h2>\n<p>Les dades de car\u00e0cter personal que es recullen a trav\u00e9s de la p\u00e0gina web, \u00fanicament s\u00f3n utilitzades a efectes de prestar els serveis sol\u00b7licitats aix\u00ed com procedir a la facturaci\u00f3 dels mateixos. Les seves dades seran ubicades en fitxers titularitat de LIMPIEZAS LIDERLIMP SRLU a efectes de facturaci\u00f3 i seran arxivades pel per\u00edode de temps legalment necessari. Vost\u00e8 pot exercir els drets d\u2019acc\u00e9s, rectificaci\u00f3, cancel\u00b7laci\u00f3 i oposici\u00f3 mitjan\u00e7ant escrit a LIMPIEZAS LIDERLIMP SRLU en C\/ Rossell\u00f3, 51 entlo 1\u00aa Barcelona (Spain).<\/p>\n<h2>Propietat intel\u00b7lectual i responsabilitat sobre els continguts<\/h2>\n<p>Queda prohibit qualsevol \u00fas de tots els continguts de la p\u00e0gina web, concretament sobre els textos, disseny i codi font, sense l\u2019autoritzaci\u00f3 expressa dels seus titulars. Qualsevol \u00fas no perm\u00e8s ser\u00e0 degudament perseguit pels leg\u00edtims propietaris.<\/p>\n<p>El titular de la p\u00e0gina web no es fa responsable dels continguts als que es dirigeixen els enlla\u00e7os ubicats en aquesta, segons el que estableix l\u2019article 17 de la LSSICE.<\/p>\n<p>[\/et_pb_text][\/et_pb_column][\/et_pb_row][\/et_pb_section]<\/p>\n","protected":false},"excerpt":{"rendered":"<p>Nota Legal Informaci\u00f3 relativa al cumplimient del art\u00edcle 10 de la LSSICE Dades fiscals Titular: LIMPIEZAS LIDERLIMP SRLU NIF: B63130371 Direcci\u00f3n: C\/ Rossell\u00f3, 51 entlo 1\u00aa Barcelona (Spain) Tel\u00e9fono: 93 322 01 04 Protecci\u00f3 de dades personals Les dades de car\u00e0cter personal que es recullen a trav\u00e9s de la p\u00e0gina web, \u00fanicament s\u00f3n utilitzades a [&hellip;]<\/p>\n","protected":false},"author":3,"featured_media":0,"parent":0,"menu_order":0,"comment_status":"closed","ping_status":"closed","template":"","meta":{"_acf_changed":false,"_et_pb_use_builder":"on","_et_pb_old_content":"","_et_gb_content_width":"","footnotes":""},"class_list":["post-958","page","type-page","status-publish","hentry"],"acf":[],"yoast_head":"<!-- This site is optimized with the Yoast SEO plugin v26.9 - https:\/\/yoast.com\/product\/yoast-seo-wordpress\/ -->\n<title>Nota legal de Liderlimp. Empresa de neteja professional a Barcelona<\/title>\n<meta name=\"description\" content=\"En aquesta p\u00e0gina podr\u00e0s con\u00e8ixer m\u00e9s d&#039;aprop tot l&#039;\u00e0mbit legal que es relaciona amb l&#039;empresa i la present p\u00e0gina web.\" \/>\n<meta name=\"robots\" content=\"noindex, nofollow\" \/>\n<meta property=\"og:locale\" content=\"ca_ES\" \/>\n<meta property=\"og:type\" content=\"article\" \/>\n<meta property=\"og:title\" content=\"Nota legal de Liderlimp. Empresa de neteja professional a Barcelona\" \/>\n<meta property=\"og:description\" content=\"En aquesta p\u00e0gina podr\u00e0s con\u00e8ixer m\u00e9s d&#039;aprop tot l&#039;\u00e0mbit legal que es relaciona amb l&#039;empresa i la present p\u00e0gina web.\" \/>\n<meta property=\"og:url\" content=\"https:\/\/liderlimp.com\/nota-legal\/\" \/>\n<meta property=\"og:site_name\" content=\"Liderlimp - Empresa de limpieza en Barcelona: oficinas, despachos, tiendas, locales comerciales, gimnasios. Mantenimientos.\" \/>\n<meta property=\"article:modified_time\" content=\"2024-11-20T08:04:33+00:00\" \/>\n<meta name=\"twitter:card\" content=\"summary_large_image\" \/>\n<meta name=\"twitter:label1\" content=\"Temps estimat de lectura\" \/>\n\t<meta name=\"twitter:data1\" content=\"2 minuts\" \/>\n<script type=\"application\/ld+json\" class=\"yoast-schema-graph\">{\"@context\":\"https:\/\/schema.org\",\"@graph\":[{\"@type\":\"WebPage\",\"@id\":\"https:\/\/liderlimp.com\/nota-legal\/\",\"url\":\"https:\/\/liderlimp.com\/nota-legal\/\",\"name\":\"Nota legal de Liderlimp. Empresa de neteja professional a Barcelona\",\"isPartOf\":{\"@id\":\"https:\/\/liderlimp.com\/#website\"},\"datePublished\":\"2024-11-20T07:32:16+00:00\",\"dateModified\":\"2024-11-20T08:04:33+00:00\",\"description\":\"En aquesta p\u00e0gina podr\u00e0s con\u00e8ixer m\u00e9s d'aprop tot l'\u00e0mbit legal que es relaciona amb l'empresa i la present p\u00e0gina web.\",\"breadcrumb\":{\"@id\":\"https:\/\/liderlimp.com\/nota-legal\/#breadcrumb\"},\"inLanguage\":\"ca\",\"potentialAction\":[{\"@type\":\"ReadAction\",\"target\":[\"https:\/\/liderlimp.com\/nota-legal\/\"]}]},{\"@type\":\"BreadcrumbList\",\"@id\":\"https:\/\/liderlimp.com\/nota-legal\/#breadcrumb\",\"itemListElement\":[{\"@type\":\"ListItem\",\"position\":1,\"name\":\"Portada\",\"item\":\"https:\/\/liderlimp.com\/ca\/\"},{\"@type\":\"ListItem\",\"position\":2,\"name\":\"Nota legal\"}]},{\"@type\":\"WebSite\",\"@id\":\"https:\/\/liderlimp.com\/#website\",\"url\":\"https:\/\/liderlimp.com\/\",\"name\":\"Liderlimp - Empresa de limpieza en Barcelona: oficinas, despachos, tiendas, locales comerciales, gimnasios. Mantenimientos.\",\"description\":\"Liderlimp - Empresa de limpieza en Barcelona: oficinas, despachos, tiendas, locales comerciales, gimnasios. Mantenimientos.\",\"potentialAction\":[{\"@type\":\"SearchAction\",\"target\":{\"@type\":\"EntryPoint\",\"urlTemplate\":\"https:\/\/liderlimp.com\/?s={search_term_string}\"},\"query-input\":{\"@type\":\"PropertyValueSpecification\",\"valueRequired\":true,\"valueName\":\"search_term_string\"}}],\"inLanguage\":\"ca\"}]}<\/script>\n<!-- \/ Yoast SEO plugin. -->","yoast_head_json":{"title":"Nota legal de Liderlimp. Empresa de neteja professional a Barcelona","description":"En aquesta p\u00e0gina podr\u00e0s con\u00e8ixer m\u00e9s d'aprop tot l'\u00e0mbit legal que es relaciona amb l'empresa i la present p\u00e0gina web.","robots":{"index":"noindex","follow":"nofollow"},"og_locale":"ca_ES","og_type":"article","og_title":"Nota legal de Liderlimp. Empresa de neteja professional a Barcelona","og_description":"En aquesta p\u00e0gina podr\u00e0s con\u00e8ixer m\u00e9s d'aprop tot l'\u00e0mbit legal que es relaciona amb l'empresa i la present p\u00e0gina web.","og_url":"https:\/\/liderlimp.com\/nota-legal\/","og_site_name":"Liderlimp - Empresa de limpieza en Barcelona: oficinas, despachos, tiendas, locales comerciales, gimnasios. Mantenimientos.","article_modified_time":"2024-11-20T08:04:33+00:00","twitter_card":"summary_large_image","twitter_misc":{"Temps estimat de lectura":"2 minuts"},"schema":{"@context":"https:\/\/schema.org","@graph":[{"@type":"WebPage","@id":"https:\/\/liderlimp.com\/nota-legal\/","url":"https:\/\/liderlimp.com\/nota-legal\/","name":"Nota legal de Liderlimp. Empresa de neteja professional a Barcelona","isPartOf":{"@id":"https:\/\/liderlimp.com\/#website"},"datePublished":"2024-11-20T07:32:16+00:00","dateModified":"2024-11-20T08:04:33+00:00","description":"En aquesta p\u00e0gina podr\u00e0s con\u00e8ixer m\u00e9s d'aprop tot l'\u00e0mbit legal que es relaciona amb l'empresa i la present p\u00e0gina web.","breadcrumb":{"@id":"https:\/\/liderlimp.com\/nota-legal\/#breadcrumb"},"inLanguage":"ca","potentialAction":[{"@type":"ReadAction","target":["https:\/\/liderlimp.com\/nota-legal\/"]}]},{"@type":"BreadcrumbList","@id":"https:\/\/liderlimp.com\/nota-legal\/#breadcrumb","itemListElement":[{"@type":"ListItem","position":1,"name":"Portada","item":"https:\/\/liderlimp.com\/ca\/"},{"@type":"ListItem","position":2,"name":"Nota legal"}]},{"@type":"WebSite","@id":"https:\/\/liderlimp.com\/#website","url":"https:\/\/liderlimp.com\/","name":"Liderlimp - Empresa de limpieza en Barcelona: oficinas, despachos, tiendas, locales comerciales, gimnasios. Mantenimientos.","description":"Liderlimp - Empresa de limpieza en Barcelona: oficinas, despachos, tiendas, locales comerciales, gimnasios. Mantenimientos.","potentialAction":[{"@type":"SearchAction","target":{"@type":"EntryPoint","urlTemplate":"https:\/\/liderlimp.com\/?s={search_term_string}"},"query-input":{"@type":"PropertyValueSpecification","valueRequired":true,"valueName":"search_term_string"}}],"inLanguage":"ca"}]}},"_links":{"self":[{"href":"https:\/\/liderlimp.com\/ca\/wp-json\/wp\/v2\/pages\/958","targetHints":{"allow":["GET"]}}],"collection":[{"href":"https:\/\/liderlimp.com\/ca\/wp-json\/wp\/v2\/pages"}],"about":[{"href":"https:\/\/liderlimp.com\/ca\/wp-json\/wp\/v2\/types\/page"}],"author":[{"embeddable":true,"href":"https:\/\/liderlimp.com\/ca\/wp-json\/wp\/v2\/users\/3"}],"replies":[{"embeddable":true,"href":"https:\/\/liderlimp.com\/ca\/wp-json\/wp\/v2\/comments?post=958"}],"version-history":[{"count":4,"href":"https:\/\/liderlimp.com\/ca\/wp-json\/wp\/v2\/pages\/958\/revisions"}],"predecessor-version":[{"id":1656,"href":"https:\/\/liderlimp.com\/ca\/wp-json\/wp\/v2\/pages\/958\/revisions\/1656"}],"wp:attachment":[{"href":"https:\/\/liderlimp.com\/ca\/wp-json\/wp\/v2\/media?parent=958"}],"curies":[{"name":"wp","href":"https:\/\/api.w.org\/{rel}","templated":true}]}}